{"id":6690,"date":"2024-11-05T18:37:42","date_gmt":"2024-11-05T18:37:42","guid":{"rendered":"https:\/\/certificado.aureagemlab.com\/?page_id=6690"},"modified":"2024-12-20T02:08:32","modified_gmt":"2024-12-20T02:08:32","slug":"certificado","status":"publish","type":"page","link":"https:\/\/certificado.aureagemlab.com\/","title":{"rendered":"Certificado"},"content":{"rendered":"\t\t<div data-elementor-type=\"wp-page\" data-elementor-id=\"6690\" class=\"elementor elementor-6690\">\n\t\t\t\t<div class=\"elementor-element elementor-element-359a169 e-flex e-con-boxed e-con e-parent\" data-id=\"359a169\" data-element_type=\"container\" data-settings=\"{&quot;background_background&quot;:&quot;classic&quot;}\">\n\t\t\t\t\t<div class=\"e-con-inner\">\n\t\t<div class=\"elementor-element elementor-element-85f83ac e-con-full e-flex e-con e-child\" data-id=\"85f83ac\" data-element_type=\"container\">\n\t\t\t\t<div class=\"elementor-element elementor-element-a77bff3 elementor-widget elementor-widget-image\" data-id=\"a77bff3\" data-element_type=\"widget\" data-widget_type=\"image.default\">\n\t\t\t\t<div class=\"elementor-widget-container\">\n\t\t\t\t\t\t\t\t\t\t\t\t\t<img decoding=\"async\" width=\"354\" height=\"67\" src=\"https:\/\/certificado.aureagemlab.com\/wp-content\/uploads\/2024\/12\/Sem-titulo-2.png\" class=\"attachment-large size-large wp-image-6938\" alt=\"\" srcset=\"https:\/\/certificado.aureagemlab.com\/wp-content\/uploads\/2024\/12\/Sem-titulo-2.png 354w, https:\/\/certificado.aureagemlab.com\/wp-content\/uploads\/2024\/12\/Sem-titulo-2-300x57.png 300w\" sizes=\"100vw\" \/>\t\t\t\t\t\t\t\t\t\t\t\t\t<\/div>\n\t\t\t\t<\/div>\n\t\t\t\t<\/div>\n\t\t<div class=\"elementor-element elementor-element-74f4718 e-con-full e-flex e-con e-child\" data-id=\"74f4718\" data-element_type=\"container\">\n\t\t<div class=\"elementor-element elementor-element-46ad9fb e-grid e-con-full e-con e-child\" data-id=\"46ad9fb\" data-element_type=\"container\">\n\t\t\t\t<div class=\"elementor-element elementor-element-72055e2 elementor-widget elementor-widget-heading\" data-id=\"72055e2\" data-element_type=\"widget\" data-widget_type=\"heading.default\">\n\t\t\t\t<div class=\"elementor-widget-container\">\n\t\t\t<h2 class=\"elementor-heading-title elementor-size-default\"><a href=\"https:\/\/aureagemlab.com\/\">Home<\/a><\/h2>\t\t<\/div>\n\t\t\t\t<\/div>\n\t\t\t\t<div class=\"elementor-element elementor-element-d3cf220 elementor-widget elementor-widget-heading\" data-id=\"d3cf220\" data-element_type=\"widget\" data-widget_type=\"heading.default\">\n\t\t\t\t<div class=\"elementor-widget-container\">\n\t\t\t<h2 class=\"elementor-heading-title elementor-size-default\"><a href=\"https:\/\/aureagemlab.com\/sobre\/\">Sobre<\/a><\/h2>\t\t<\/div>\n\t\t\t\t<\/div>\n\t\t\t\t<div class=\"elementor-element elementor-element-ce522bc elementor-widget elementor-widget-heading\" data-id=\"ce522bc\" data-element_type=\"widget\" data-widget_type=\"heading.default\">\n\t\t\t\t<div class=\"elementor-widget-container\">\n\t\t\t<h2 class=\"elementor-heading-title elementor-size-default\"><a href=\"https:\/\/aureagemlab.com\/servicos\/\">Servi\u00e7os<\/a><\/h2>\t\t<\/div>\n\t\t\t\t<\/div>\n\t\t\t\t<div class=\"elementor-element elementor-element-c3f3d51 elementor-widget elementor-widget-heading\" data-id=\"c3f3d51\" data-element_type=\"widget\" data-widget_type=\"heading.default\">\n\t\t\t\t<div class=\"elementor-widget-container\">\n\t\t\t<h2 class=\"elementor-heading-title elementor-size-default\"><a href=\"https:\/\/aureagemlab.com\/inclusoes\/\">Inclus\u00f5es<\/a><\/h2>\t\t<\/div>\n\t\t\t\t<\/div>\n\t\t\t\t<div class=\"elementor-element elementor-element-03ae061 elementor-widget elementor-widget-heading\" data-id=\"03ae061\" data-element_type=\"widget\" data-widget_type=\"heading.default\">\n\t\t\t\t<div class=\"elementor-widget-container\">\n\t\t\t<h2 class=\"elementor-heading-title elementor-size-default\"><a href=\"https:\/\/aureagemlab.com\/contato\/\">Contato<\/a><\/h2>\t\t<\/div>\n\t\t\t\t<\/div>\n\t\t\t\t<\/div>\n\t\t\t\t<\/div>\n\t\t\t\t\t<\/div>\n\t\t\t\t<\/div>\n\t\t<div class=\"elementor-element elementor-element-6d07487 e-con-full e-flex e-con e-parent\" data-id=\"6d07487\" data-element_type=\"container\" data-settings=\"{&quot;background_background&quot;:&quot;classic&quot;}\">\n\t\t\t\t<div class=\"elementor-element elementor-element-39bc275 elementor-widget elementor-widget-heading\" data-id=\"39bc275\" data-element_type=\"widget\" data-widget_type=\"heading.default\">\n\t\t\t\t<div class=\"elementor-widget-container\">\n\t\t\t<h3 class=\"elementor-heading-title elementor-size-default\">Acesse seu relat\u00f3rio agora.<\/h3>\t\t<\/div>\n\t\t\t\t<\/div>\n\t\t\t\t<div class=\"elementor-element elementor-element-3df3ccf elementor-widget elementor-widget-heading\" data-id=\"3df3ccf\" data-element_type=\"widget\" data-widget_type=\"heading.default\">\n\t\t\t\t<div class=\"elementor-widget-container\">\n\t\t\t<p class=\"elementor-heading-title elementor-size-default\">Insira abaixo as letras e n\u00fameros completos do seu relat\u00f3rio para ter acesso ao documento completo sempre que precisar.<\/p>\t\t<\/div>\n\t\t\t\t<\/div>\n\t\t\t\t<div class=\"elementor-element elementor-element-0ee08c5 elementor-widget elementor-widget-heading\" data-id=\"0ee08c5\" data-element_type=\"widget\" data-widget_type=\"heading.default\">\n\t\t\t\t<div class=\"elementor-widget-container\">\n\t\t\t<p class=\"elementor-heading-title elementor-size-default\">Exemplo: AU00000000000<\/p>\t\t<\/div>\n\t\t\t\t<\/div>\n\t\t\t\t<div class=\"elementor-element elementor-element-76b17bd elementor-widget elementor-widget-html\" data-id=\"76b17bd\" data-element_type=\"widget\" data-widget_type=\"html.default\">\n\t\t\t\t<div class=\"elementor-widget-container\">\n\t\t\t<!DOCTYPE html>\n<html lang=\"pt-br\">\n<head>\n  <meta charset=\"UTF-8\">\n  <meta name=\"viewport\" content=\"width=device-width, initial-scale=1.0\">\n  <title>Laudo Verification<\/title>\n  <style>\n    \/* Vari\u00e1veis para customizar o estilo em cada dispositivo *\/\n    \n    \/* Estilos para Desktop *\/\n    :root {\n      --container-width: 600px;\n      --padding-container: 30px;\n      --font-label: 18px;\n      --font-input: 16px;\n      --button-padding: 12px;\n    }\n\n    \/* Estilos para Tablet *\/\n    @media (max-width: 768px) {\n      :root {\n        --container-width: 100%;\n        --padding-container: 20px;\n        --font-label: 16px;\n        --font-input: 14px;\n        --button-padding: 10px;\n      }\n    }\n\n    \/* Estilos para Mobile *\/\n    @media (max-width: 480px) {\n      :root {\n        --container-width: 100%;\n        --padding-container: 15px;\n        --font-label: 14px;\n        --font-input: 14px;\n        --button-padding: 8px;\n      }\n    }\n\n    \/* Estilo base *\/\n    body {\n      font-family: Fahkwang, sans-serif;\n      display: flex;\n      align-items: center;\n      justify-content: center;\n      min-height: ;\n      margin: 0px;\n      background-color: #f8f8f8;\n      padding: 0px;\n    }\n\n    .form-container {\n      background-color: #fff;\n      padding: var(--padding-container);\n      border-radius: 8px;\n      box-shadow: 0 4px 10px rgba(0, 0, 0, 0.1);\n      text-align: left;\n      width: var(--container-width);\n      max-width: 100%;\n      box-sizing: border-box;\n    }\n\n    .form-container label {\n      font-size: var(--font-label);\n      font-weight: bold;\n      color: #333;\n      display: block;\n      margin-bottom: 12px;\n    }\n\n    .form-container input[type=\"text\"] {\n      width: 100%;\n      padding: 12px;\n      border: 1px solid #ddd;\n      border-radius: 4px;\n      font-family: Montserrat, sans-serif;\n      font-size: var(--font-input);\n      background-color: #f0f0f0;\n      margin-bottom: 12px;\n      box-sizing: border-box;\n    }\n\n    .form-container button {\n      width: 100%;\n      padding: var(--button-padding);\n      background-color: #000;\n      font-family: Montserrat, sans-serif;\n      color: #fff;\n      font-size: var(--font-input);\n      font-weight: bold;\n      border: none;\n      border-radius: 4px;\n      cursor: pointer;\n      box-sizing: border-box;\n    }\n    \n    .form-container button:hover {\n      background-color: #333;\n    }\n  <\/style>\n<\/head>\n<body>\n  <div class=\"form-container\">\n    <label for=\"reportNumber\">N\u00famero do Relat\u00f3rio<\/label>\n    <input type=\"text\" id=\"reportNumber\" placeholder=\" \">\n    <button onclick=\"buscarLaudo()\">Buscar<\/button>\n  <\/div>\n\n<script>\n  async function buscarLaudo() {\n    const reportNumber = document.getElementById('reportNumber').value.trim();\n    if (reportNumber) {\n      const url = `https:\/\/certificado.aureagemlab.com\/wp-content\/uploads\/REPORT_${reportNumber}.pdf`;\n\n      try {\n        \/\/ Tenta fazer uma requisi\u00e7\u00e3o para verificar se o URL existe\n        const response = await fetch(url, { method: 'HEAD' });\n        \n        if (response.ok) {\n          \/\/ Se o laudo existir, abre a URL em uma nova aba\n          window.location.href = url;\n        } else {\n          \/\/ Se o laudo n\u00e3o for encontrado, mostra uma mensagem de erro\n          alert('N\u00famero do laudo incorreto. Por favor, verifique e tente novamente.');\n        }\n      } catch (error) {\n        \/\/ Caso ocorra algum erro na conex\u00e3o ou no fetch\n        alert('Ocorreu um erro ao verificar o laudo. Tente novamente mais tarde.');\n      }\n    } else {\n      alert('Por favor, insira o n\u00famero do laudo.');\n    }\n  }\n<\/script>\n\n\n<\/body>\n<\/html>\t\t<\/div>\n\t\t\t\t<\/div>\n\t\t\t\t<div class=\"elementor-element elementor-element-2c6ed56 elementor-widget elementor-widget-heading\" data-id=\"2c6ed56\" data-element_type=\"widget\" data-widget_type=\"heading.default\">\n\t\t\t\t<div class=\"elementor-widget-container\">\n\t\t\t<p class=\"elementor-heading-title elementor-size-default\">Observa\u00e7\u00e3o: os dados mostrados em nossa ferramenta de verifica\u00e7\u00e3o de relat\u00f3rios s\u00e3o apenas para fins informativos e, como tal, n\u00e3o s\u00e3o vinculativos por natureza, as informa\u00e7\u00f5es apresentadas podem estar incompletas e\/ou imprecisas.<\/p>\t\t<\/div>\n\t\t\t\t<\/div>\n\t\t\t\t<div class=\"elementor-element elementor-element-20ed8e1 elementor-widget elementor-widget-heading\" data-id=\"20ed8e1\" data-element_type=\"widget\" data-widget_type=\"heading.default\">\n\t\t\t\t<div class=\"elementor-widget-container\">\n\t\t\t<p class=\"elementor-heading-title elementor-size-default\">O \u00fanico documento v\u00e1lido \u00e9 seu laudo \u00c1urea original inalterado e protegido.<\/p>\t\t<\/div>\n\t\t\t\t<\/div>\n\t\t\t\t<div class=\"elementor-element elementor-element-a4e8fec elementor-shape-rounded elementor-grid-0 e-grid-align-center elementor-widget elementor-widget-social-icons\" data-id=\"a4e8fec\" data-element_type=\"widget\" data-widget_type=\"social-icons.default\">\n\t\t\t\t<div class=\"elementor-widget-container\">\n\t\t\t\t\t<div class=\"elementor-social-icons-wrapper elementor-grid\">\n\t\t\t\t\t\t\t<span class=\"elementor-grid-item\">\n\t\t\t\t\t<a class=\"elementor-icon elementor-social-icon elementor-social-icon-instagram elementor-repeater-item-918c1c8\" href=\"https:\/\/www.instagram.com\/aureagemologia\/\" target=\"_blank\">\n\t\t\t\t\t\t<span class=\"elementor-screen-only\">Instagram<\/span>\n\t\t\t\t\t\t<svg class=\"e-font-icon-svg e-fab-instagram\" viewBox=\"0 0 448 512\" xmlns=\"http:\/\/www.w3.org\/2000\/svg\"><path d=\"M224.1 141c-63.6 0-114.9 51.3-114.9 114.9s51.3 114.9 114.9 114.9S339 319.5 339 255.9 287.7 141 224.1 141zm0 189.6c-41.1 0-74.7-33.5-74.7-74.7s33.5-74.7 74.7-74.7 74.7 33.5 74.7 74.7-33.6 74.7-74.7 74.7zm146.4-194.3c0 14.9-12 26.8-26.8 26.8-14.9 0-26.8-12-26.8-26.8s12-26.8 26.8-26.8 26.8 12 26.8 26.8zm76.1 27.2c-1.7-35.9-9.9-67.7-36.2-93.9-26.2-26.2-58-34.4-93.9-36.2-37-2.1-147.9-2.1-184.9 0-35.8 1.7-67.6 9.9-93.9 36.1s-34.4 58-36.2 93.9c-2.1 37-2.1 147.9 0 184.9 1.7 35.9 9.9 67.7 36.2 93.9s58 34.4 93.9 36.2c37 2.1 147.9 2.1 184.9 0 35.9-1.7 67.7-9.9 93.9-36.2 26.2-26.2 34.4-58 36.2-93.9 2.1-37 2.1-147.8 0-184.8zM398.8 388c-7.8 19.6-22.9 34.7-42.6 42.6-29.5 11.7-99.5 9-132.1 9s-102.7 2.6-132.1-9c-19.6-7.8-34.7-22.9-42.6-42.6-11.7-29.5-9-99.5-9-132.1s-2.6-102.7 9-132.1c7.8-19.6 22.9-34.7 42.6-42.6 29.5-11.7 99.5-9 132.1-9s102.7-2.6 132.1 9c19.6 7.8 34.7 22.9 42.6 42.6 11.7 29.5 9 99.5 9 132.1s2.7 102.7-9 132.1z\"><\/path><\/svg>\t\t\t\t\t<\/a>\n\t\t\t\t<\/span>\n\t\t\t\t\t\t\t<span class=\"elementor-grid-item\">\n\t\t\t\t\t<a class=\"elementor-icon elementor-social-icon elementor-social-icon-whatsapp elementor-repeater-item-8a0ad7e\" href=\"https:\/\/wa.me\/5533999098442\" target=\"_blank\">\n\t\t\t\t\t\t<span class=\"elementor-screen-only\">Whatsapp<\/span>\n\t\t\t\t\t\t<svg class=\"e-font-icon-svg e-fab-whatsapp\" viewBox=\"0 0 448 512\" xmlns=\"http:\/\/www.w3.org\/2000\/svg\"><path d=\"M380.9 97.1C339 55.1 283.2 32 223.9 32c-122.4 0-222 99.6-222 222 0 39.1 10.2 77.3 29.6 111L0 480l117.7-30.9c32.4 17.7 68.9 27 106.1 27h.1c122.3 0 224.1-99.6 224.1-222 0-59.3-25.2-115-67.1-157zm-157 341.6c-33.2 0-65.7-8.9-94-25.7l-6.7-4-69.8 18.3L72 359.2l-4.4-7c-18.5-29.4-28.2-63.3-28.2-98.2 0-101.7 82.8-184.5 184.6-184.5 49.3 0 95.6 19.2 130.4 54.1 34.8 34.9 56.2 81.2 56.1 130.5 0 101.8-84.9 184.6-186.6 184.6zm101.2-138.2c-5.5-2.8-32.8-16.2-37.9-18-5.1-1.9-8.8-2.8-12.5 2.8-3.7 5.6-14.3 18-17.6 21.8-3.2 3.7-6.5 4.2-12 1.4-32.6-16.3-54-29.1-75.5-66-5.7-9.8 5.7-9.1 16.3-30.3 1.8-3.7.9-6.9-.5-9.7-1.4-2.8-12.5-30.1-17.1-41.2-4.5-10.8-9.1-9.3-12.5-9.5-3.2-.2-6.9-.2-10.6-.2-3.7 0-9.7 1.4-14.8 6.9-5.1 5.6-19.4 19-19.4 46.3 0 27.3 19.9 53.7 22.6 57.4 2.8 3.7 39.1 59.7 94.8 83.8 35.2 15.2 49 16.5 66.6 13.9 10.7-1.6 32.8-13.4 37.4-26.4 4.6-13 4.6-24.1 3.2-26.4-1.3-2.5-5-3.9-10.5-6.6z\"><\/path><\/svg>\t\t\t\t\t<\/a>\n\t\t\t\t<\/span>\n\t\t\t\t\t<\/div>\n\t\t\t\t<\/div>\n\t\t\t\t<\/div>\n\t\t\t\t<\/div>\n\t\t<div class=\"elementor-element elementor-element-f206ce4 e-flex e-con-boxed e-con e-parent\" data-id=\"f206ce4\" data-element_type=\"container\" data-settings=\"{&quot;background_background&quot;:&quot;classic&quot;}\">\n\t\t\t\t\t<div class=\"e-con-inner\">\n\t\t\t\t<div class=\"elementor-element elementor-element-f9df7ab elementor-widget elementor-widget-heading\" data-id=\"f9df7ab\" data-element_type=\"widget\" data-widget_type=\"heading.default\">\n\t\t\t\t<div class=\"elementor-widget-container\">\n\t\t\t<p class=\"elementor-heading-title elementor-size-default\">\u00c1urea Gem Lab. Todos os direitos reservados.<\/p>\t\t<\/div>\n\t\t\t\t<\/div>\n\t\t\t\t\t<\/div>\n\t\t\t\t<\/div>\n\t\t\t\t<\/div>\n\t\t","protected":false},"excerpt":{"rendered":"<p>Home Sobre Servi\u00e7os Inclus\u00f5es Contato Acesse seu relat\u00f3rio agora. Insira abaixo as letras e n\u00fameros completos do seu relat\u00f3rio para ter acesso ao documento completo sempre que precisar. Exemplo: AU00000000000 Laudo Verification N\u00famero do Relat\u00f3rio Buscar Observa\u00e7\u00e3o: os dados mostrados em nossa ferramenta de verifica\u00e7\u00e3o de relat\u00f3rios s\u00e3o apenas para fins informativos e, como tal, &hellip; <\/p>\n<p class=\"link-more\"><a href=\"https:\/\/certificado.aureagemlab.com\/\" class=\"more-link\">Leia mais<span class=\"screen-reader-text\"> &#8220;Certificado&#8221;<\/span><\/a><\/p>\n","protected":false},"author":1,"featured_media":0,"parent":0,"menu_order":0,"comment_status":"closed","ping_status":"closed","template":"elementor_canvas","meta":{"footnotes":""},"class_list":["post-6690","page","type-page","status-publish","hentry"],"featured_media_urls":[],"_links":{"self":[{"href":"https:\/\/certificado.aureagemlab.com\/index.php?rest_route=\/wp\/v2\/pages\/6690"}],"collection":[{"href":"https:\/\/certificado.aureagemlab.com\/index.php?rest_route=\/wp\/v2\/pages"}],"about":[{"href":"https:\/\/certificado.aureagemlab.com\/index.php?rest_route=\/wp\/v2\/types\/page"}],"author":[{"embeddable":true,"href":"https:\/\/certificado.aureagemlab.com\/index.php?rest_route=\/wp\/v2\/users\/1"}],"replies":[{"embeddable":true,"href":"https:\/\/certificado.aureagemlab.com\/index.php?rest_route=%2Fwp%2Fv2%2Fcomments&post=6690"}],"version-history":[{"count":82,"href":"https:\/\/certificado.aureagemlab.com\/index.php?rest_route=\/wp\/v2\/pages\/6690\/revisions"}],"predecessor-version":[{"id":7203,"href":"https:\/\/certificado.aureagemlab.com\/index.php?rest_route=\/wp\/v2\/pages\/6690\/revisions\/7203"}],"wp:attachment":[{"href":"https:\/\/certificado.aureagemlab.com\/index.php?rest_route=%2Fwp%2Fv2%2Fmedia&parent=6690"}],"curies":[{"name":"wp","href":"https:\/\/api.w.org\/{rel}","templated":true}]}}